{"id":13042,"date":"2024-10-13T08:39:32","date_gmt":"2024-10-13T06:39:32","guid":{"rendered":"https:\/\/pandita.mx\/?post_type=product&#038;p=13042"},"modified":"2024-10-14T02:13:51","modified_gmt":"2024-10-14T00:13:51","slug":"peach-dia-de-muertos","status":"publish","type":"product","link":"https:\/\/pandita.mx\/index.php\/producto\/peach-dia-de-muertos\/","title":{"rendered":"Peach Dia de Muertos"},"content":{"rendered":"<p>Viste con estilo este D\u00eda de Muertos con nuestras playeras de Peach en Pandita.mx: una fusi\u00f3n perfecta entre tradici\u00f3n mexicana y el encanto de la princesa Peach. \u00a1Dale un toque \u00fanico a tu look!<\/p>\n","protected":false},"excerpt":{"rendered":"<p>Viste con estilo este D\u00eda de Muertos con nuestras playeras de Peach en Pandita.mx: una fusi\u00f3n perfecta entre tradici\u00f3n mexicana y el encanto de la princesa Peach. \u00a1Dale un toque \u00fanico a tu look!<\/p>\n","protected":false},"featured_media":11976,"comment_status":"open","ping_status":"closed","template":"","meta":{"_et_pb_use_builder":"","_et_pb_old_content":"","_et_gb_content_width":""},"product_cat":[116],"product_tag":[],"class_list":{"0":"post-13042","1":"product","2":"type-product","3":"status-publish","4":"has-post-thumbnail","6":"product_cat-11_03-cartoon","7":"pa_color-blanco","8":"pa_color-negro","10":"first","11":"instock","12":"shipping-taxable","13":"purchasable","14":"product-type-variable"},"_links":{"self":[{"href":"https:\/\/pandita.mx\/index.php\/wp-json\/wp\/v2\/product\/13042","targetHints":{"allow":["GET"]}}],"collection":[{"href":"https:\/\/pandita.mx\/index.php\/wp-json\/wp\/v2\/product"}],"about":[{"href":"https:\/\/pandita.mx\/index.php\/wp-json\/wp\/v2\/types\/product"}],"replies":[{"embeddable":true,"href":"https:\/\/pandita.mx\/index.php\/wp-json\/wp\/v2\/comments?post=13042"}],"wp:featuredmedia":[{"embeddable":true,"href":"https:\/\/pandita.mx\/index.php\/wp-json\/wp\/v2\/media\/11976"}],"wp:attachment":[{"href":"https:\/\/pandita.mx\/index.php\/wp-json\/wp\/v2\/media?parent=13042"}],"wp:term":[{"taxonomy":"product_cat","embeddable":true,"href":"https:\/\/pandita.mx\/index.php\/wp-json\/wp\/v2\/product_cat?post=13042"},{"taxonomy":"product_tag","embeddable":true,"href":"https:\/\/pandita.mx\/index.php\/wp-json\/wp\/v2\/product_tag?post=13042"}],"curies":[{"name":"wp","href":"https:\/\/api.w.org\/{rel}","templated":true}]}}