{"id":13012,"date":"2024-10-13T08:38:52","date_gmt":"2024-10-13T06:38:52","guid":{"rendered":"https:\/\/pandita.mx\/?post_type=product&#038;p=13012"},"modified":"2024-10-13T08:41:29","modified_gmt":"2024-10-13T06:41:29","slug":"mujer-maravilla-dia-de-muertos","status":"publish","type":"product","link":"https:\/\/pandita.mx\/index.php\/producto\/mujer-maravilla-dia-de-muertos\/","title":{"rendered":"Mujer Maravilla D\u00eda de Muertos"},"content":{"rendered":"<p>Empodera tu D\u00eda de Muertos con la Mujer Maravilla! Luce nuestras playeras de calaveritas de az\u00facar y recuerda: &#8216;La verdad siempre triunfa&#8217;. Encuentra tu estilo heroico en Pandita.mx y celebra con fuerza y color<\/p>\n","protected":false},"excerpt":{"rendered":"<p>Empodera tu D\u00eda de Muertos con la Mujer Maravilla! Luce nuestras playeras de calaveritas de az\u00facar y recuerda: &#8216;La verdad siempre triunfa&#8217;. Encuentra tu estilo heroico en Pandita.mx y celebra con fuerza y color<\/p>\n","protected":false},"featured_media":11974,"comment_status":"open","ping_status":"closed","template":"","meta":{"_et_pb_use_builder":"","_et_pb_old_content":"","_et_gb_content_width":""},"product_cat":[116],"product_tag":[],"class_list":{"0":"post-13012","1":"product","2":"type-product","3":"status-publish","4":"has-post-thumbnail","6":"product_cat-11_03-cartoon","7":"pa_color-blanco","8":"pa_color-negro","10":"first","11":"instock","12":"shipping-taxable","13":"purchasable","14":"product-type-variable"},"_links":{"self":[{"href":"https:\/\/pandita.mx\/index.php\/wp-json\/wp\/v2\/product\/13012","targetHints":{"allow":["GET"]}}],"collection":[{"href":"https:\/\/pandita.mx\/index.php\/wp-json\/wp\/v2\/product"}],"about":[{"href":"https:\/\/pandita.mx\/index.php\/wp-json\/wp\/v2\/types\/product"}],"replies":[{"embeddable":true,"href":"https:\/\/pandita.mx\/index.php\/wp-json\/wp\/v2\/comments?post=13012"}],"wp:featuredmedia":[{"embeddable":true,"href":"https:\/\/pandita.mx\/index.php\/wp-json\/wp\/v2\/media\/11974"}],"wp:attachment":[{"href":"https:\/\/pandita.mx\/index.php\/wp-json\/wp\/v2\/media?parent=13012"}],"wp:term":[{"taxonomy":"product_cat","embeddable":true,"href":"https:\/\/pandita.mx\/index.php\/wp-json\/wp\/v2\/product_cat?post=13012"},{"taxonomy":"product_tag","embeddable":true,"href":"https:\/\/pandita.mx\/index.php\/wp-json\/wp\/v2\/product_tag?post=13012"}],"curies":[{"name":"wp","href":"https:\/\/api.w.org\/{rel}","templated":true}]}}