{"id":12997,"date":"2024-10-13T08:31:36","date_gmt":"2024-10-13T06:31:36","guid":{"rendered":"https:\/\/pandita.mx\/?post_type=product&#038;p=12997"},"modified":"2024-10-13T08:35:36","modified_gmt":"2024-10-13T06:35:36","slug":"bob-esponja-dia-de-muertos","status":"publish","type":"product","link":"https:\/\/pandita.mx\/index.php\/producto\/bob-esponja-dia-de-muertos\/","title":{"rendered":"Bob Esponja D\u00eda de Muertos"},"content":{"rendered":"<p>\u00a1Celebra el D\u00eda de Muertos al estilo de Bob Esponja! Luce nuestras playeras de calaveritas de az\u00facar y recuerda: &#8216;\u00a1Listo, listo, listo!&#8217; en cada celebraci\u00f3n. Encuentra tu dise\u00f1o favorito en Pandita.mx y haz que tu homenaje sea \u00fanico y divertido.<\/p>\n","protected":false},"excerpt":{"rendered":"<p>\u00a1Celebra el D\u00eda de Muertos al estilo de Bob Esponja! Luce nuestras playeras de calaveritas de az\u00facar y recuerda: &#8216;\u00a1Listo, listo, listo!&#8217; en cada celebraci\u00f3n. Encuentra tu dise\u00f1o favorito en Pandita.mx y haz que tu homenaje sea \u00fanico y divertido.<\/p>\n","protected":false},"featured_media":11973,"comment_status":"open","ping_status":"closed","template":"","meta":{"_et_pb_use_builder":"","_et_pb_old_content":"","_et_gb_content_width":""},"product_cat":[116],"product_tag":[],"class_list":{"0":"post-12997","1":"product","2":"type-product","3":"status-publish","4":"has-post-thumbnail","6":"product_cat-11_03-cartoon","7":"pa_color-blanco","8":"pa_color-negro","10":"first","11":"instock","12":"shipping-taxable","13":"purchasable","14":"product-type-variable"},"_links":{"self":[{"href":"https:\/\/pandita.mx\/index.php\/wp-json\/wp\/v2\/product\/12997","targetHints":{"allow":["GET"]}}],"collection":[{"href":"https:\/\/pandita.mx\/index.php\/wp-json\/wp\/v2\/product"}],"about":[{"href":"https:\/\/pandita.mx\/index.php\/wp-json\/wp\/v2\/types\/product"}],"replies":[{"embeddable":true,"href":"https:\/\/pandita.mx\/index.php\/wp-json\/wp\/v2\/comments?post=12997"}],"wp:featuredmedia":[{"embeddable":true,"href":"https:\/\/pandita.mx\/index.php\/wp-json\/wp\/v2\/media\/11973"}],"wp:attachment":[{"href":"https:\/\/pandita.mx\/index.php\/wp-json\/wp\/v2\/media?parent=12997"}],"wp:term":[{"taxonomy":"product_cat","embeddable":true,"href":"https:\/\/pandita.mx\/index.php\/wp-json\/wp\/v2\/product_cat?post=12997"},{"taxonomy":"product_tag","embeddable":true,"href":"https:\/\/pandita.mx\/index.php\/wp-json\/wp\/v2\/product_tag?post=12997"}],"curies":[{"name":"wp","href":"https:\/\/api.w.org\/{rel}","templated":true}]}}