{"id":12982,"date":"2024-10-13T08:27:57","date_gmt":"2024-10-13T06:27:57","guid":{"rendered":"https:\/\/pandita.mx\/?post_type=product&#038;p=12982"},"modified":"2024-10-13T08:30:59","modified_gmt":"2024-10-13T06:30:59","slug":"calaverita-de-azucar-tradicional-amarilla","status":"publish","type":"product","link":"https:\/\/pandita.mx\/index.php\/producto\/calaverita-de-azucar-tradicional-amarilla\/","title":{"rendered":"Calaverita de Azucar Tradicional Amarilla"},"content":{"rendered":"<p>\u00abViste tu D\u00eda de Muertos con estilo y tradici\u00f3n: descubre nuestras playeras de calaveritas de az\u00facar en Pandita.mx. \u00a1Rinde homenaje a la vida y la muerte con un dise\u00f1o colorido y aut\u00e9ntico!\u00bb<\/p>\n","protected":false},"excerpt":{"rendered":"<p>\u00abViste tu D\u00eda de Muertos con estilo y tradici\u00f3n: descubre nuestras playeras de calaveritas de az\u00facar en Pandita.mx. \u00a1Rinde homenaje a la vida y la muerte con un dise\u00f1o colorido y aut\u00e9ntico!\u00bb<\/p>\n","protected":false},"featured_media":11972,"comment_status":"open","ping_status":"closed","template":"","meta":{"_et_pb_use_builder":"","_et_pb_old_content":"","_et_gb_content_width":""},"product_cat":[115],"product_tag":[],"class_list":{"0":"post-12982","1":"product","2":"type-product","3":"status-publish","4":"has-post-thumbnail","6":"product_cat-11_02-calaveras","7":"pa_color-blanco","8":"pa_color-negro","10":"first","11":"instock","12":"shipping-taxable","13":"purchasable","14":"product-type-variable"},"_links":{"self":[{"href":"https:\/\/pandita.mx\/index.php\/wp-json\/wp\/v2\/product\/12982","targetHints":{"allow":["GET"]}}],"collection":[{"href":"https:\/\/pandita.mx\/index.php\/wp-json\/wp\/v2\/product"}],"about":[{"href":"https:\/\/pandita.mx\/index.php\/wp-json\/wp\/v2\/types\/product"}],"replies":[{"embeddable":true,"href":"https:\/\/pandita.mx\/index.php\/wp-json\/wp\/v2\/comments?post=12982"}],"wp:featuredmedia":[{"embeddable":true,"href":"https:\/\/pandita.mx\/index.php\/wp-json\/wp\/v2\/media\/11972"}],"wp:attachment":[{"href":"https:\/\/pandita.mx\/index.php\/wp-json\/wp\/v2\/media?parent=12982"}],"wp:term":[{"taxonomy":"product_cat","embeddable":true,"href":"https:\/\/pandita.mx\/index.php\/wp-json\/wp\/v2\/product_cat?post=12982"},{"taxonomy":"product_tag","embeddable":true,"href":"https:\/\/pandita.mx\/index.php\/wp-json\/wp\/v2\/product_tag?post=12982"}],"curies":[{"name":"wp","href":"https:\/\/api.w.org\/{rel}","templated":true}]}}