{"id":12510,"date":"2024-10-13T03:44:02","date_gmt":"2024-10-13T01:44:02","guid":{"rendered":"https:\/\/pandita.mx\/?post_type=product&#038;p=12510"},"modified":"2024-10-13T03:45:04","modified_gmt":"2024-10-13T01:45:04","slug":"calaverita-de-azucar-colima","status":"publish","type":"product","link":"https:\/\/pandita.mx\/index.php\/producto\/calaverita-de-azucar-colima\/","title":{"rendered":"Calaverita de Azucar Colima"},"content":{"rendered":"<p>Vive el esp\u00edritu del D\u00eda de Muertos con nuestras exclusivas playeras de calaveritas con trajes regionales de M\u00e9xico en Pandita.mx: Celebra esta festividad con un homenaje a las tradiciones y la cultura mexicana, mostrando calaveritas vestidas con atuendos t\u00edpicos de diferentes regiones del pa\u00eds. Perfectas para los amantes del folclore y las costumbres, nuestras playeras combinan color y creatividad en cada dise\u00f1o. \u00a1Haz que tu estilo resalte con la tradici\u00f3n y lleva contigo el arte del D\u00eda de Muertos en Pandita.mx!<\/p>\n","protected":false},"excerpt":{"rendered":"<p>Vive el esp\u00edritu del D\u00eda de Muertos con nuestras exclusivas playeras de calaveritas con trajes regionales de M\u00e9xico en Pandita.mx: Celebra esta festividad con un homenaje a las tradiciones y la cultura mexicana, mostrando calaveritas vestidas con atuendos t\u00edpicos de diferentes regiones del pa\u00eds. Perfectas para los amantes del folclore y las costumbres, nuestras playeras [&hellip;]<\/p>\n","protected":false},"featured_media":11958,"comment_status":"open","ping_status":"closed","template":"","meta":{"_et_pb_use_builder":"","_et_pb_old_content":"","_et_gb_content_width":""},"product_cat":[113],"product_tag":[],"class_list":{"0":"post-12510","1":"product","2":"type-product","3":"status-publish","4":"has-post-thumbnail","6":"product_cat-11_regionales","7":"pa_color-blanco","8":"pa_color-negro","10":"first","11":"instock","12":"shipping-taxable","13":"purchasable","14":"product-type-variable"},"_links":{"self":[{"href":"https:\/\/pandita.mx\/index.php\/wp-json\/wp\/v2\/product\/12510","targetHints":{"allow":["GET"]}}],"collection":[{"href":"https:\/\/pandita.mx\/index.php\/wp-json\/wp\/v2\/product"}],"about":[{"href":"https:\/\/pandita.mx\/index.php\/wp-json\/wp\/v2\/types\/product"}],"replies":[{"embeddable":true,"href":"https:\/\/pandita.mx\/index.php\/wp-json\/wp\/v2\/comments?post=12510"}],"wp:featuredmedia":[{"embeddable":true,"href":"https:\/\/pandita.mx\/index.php\/wp-json\/wp\/v2\/media\/11958"}],"wp:attachment":[{"href":"https:\/\/pandita.mx\/index.php\/wp-json\/wp\/v2\/media?parent=12510"}],"wp:term":[{"taxonomy":"product_cat","embeddable":true,"href":"https:\/\/pandita.mx\/index.php\/wp-json\/wp\/v2\/product_cat?post=12510"},{"taxonomy":"product_tag","embeddable":true,"href":"https:\/\/pandita.mx\/index.php\/wp-json\/wp\/v2\/product_tag?post=12510"}],"curies":[{"name":"wp","href":"https:\/\/api.w.org\/{rel}","templated":true}]}}