{"id":12447,"date":"2024-10-13T03:37:52","date_gmt":"2024-10-13T01:37:52","guid":{"rendered":"https:\/\/pandita.mx\/?post_type=product&#038;p=12447"},"modified":"2024-10-13T03:41:24","modified_gmt":"2024-10-13T01:41:24","slug":"calaverita-de-azucar-campeche","status":"publish","type":"product","link":"https:\/\/pandita.mx\/index.php\/producto\/calaverita-de-azucar-campeche\/","title":{"rendered":"Calaverita de Azucar Campeche"},"content":{"rendered":"<p>elebra el D\u00eda de Muertos con nuestras encantadoras playeras de calaveritas de az\u00facar vestidas con trajes t\u00edpicos de M\u00e9xico en Pandita.mx: Rinde homenaje a la rica cultura mexicana con dise\u00f1os que fusionan las tradicionales calaveritas de az\u00facar y los coloridos atuendos regionales de cada rinc\u00f3n del pa\u00eds. Perfectas para quienes desean llevar un toque aut\u00e9ntico y cultural a su estilo, nuestras playeras son ideales para esta temporada festiva. \u00a1Muestra tu amor por las tradiciones y destaca con nuestras exclusivas creaciones en Pandita.mx!<\/p>\n","protected":false},"excerpt":{"rendered":"<p>elebra el D\u00eda de Muertos con nuestras encantadoras playeras de calaveritas de az\u00facar vestidas con trajes t\u00edpicos de M\u00e9xico en Pandita.mx: Rinde homenaje a la rica cultura mexicana con dise\u00f1os que fusionan las tradicionales calaveritas de az\u00facar y los coloridos atuendos regionales de cada rinc\u00f3n del pa\u00eds. Perfectas para quienes desean llevar un toque aut\u00e9ntico [&hellip;]<\/p>\n","protected":false},"featured_media":12018,"comment_status":"open","ping_status":"closed","template":"","meta":{"_et_pb_use_builder":"","_et_pb_old_content":"","_et_gb_content_width":""},"product_cat":[114],"product_tag":[],"class_list":{"0":"post-12447","1":"product","2":"type-product","3":"status-publish","4":"has-post-thumbnail","6":"product_cat-11_calaveritas-de-azucar","7":"pa_color-blanco","8":"pa_color-negro","10":"first","11":"instock","12":"shipping-taxable","13":"purchasable","14":"product-type-variable"},"_links":{"self":[{"href":"https:\/\/pandita.mx\/index.php\/wp-json\/wp\/v2\/product\/12447","targetHints":{"allow":["GET"]}}],"collection":[{"href":"https:\/\/pandita.mx\/index.php\/wp-json\/wp\/v2\/product"}],"about":[{"href":"https:\/\/pandita.mx\/index.php\/wp-json\/wp\/v2\/types\/product"}],"replies":[{"embeddable":true,"href":"https:\/\/pandita.mx\/index.php\/wp-json\/wp\/v2\/comments?post=12447"}],"wp:featuredmedia":[{"embeddable":true,"href":"https:\/\/pandita.mx\/index.php\/wp-json\/wp\/v2\/media\/12018"}],"wp:attachment":[{"href":"https:\/\/pandita.mx\/index.php\/wp-json\/wp\/v2\/media?parent=12447"}],"wp:term":[{"taxonomy":"product_cat","embeddable":true,"href":"https:\/\/pandita.mx\/index.php\/wp-json\/wp\/v2\/product_cat?post=12447"},{"taxonomy":"product_tag","embeddable":true,"href":"https:\/\/pandita.mx\/index.php\/wp-json\/wp\/v2\/product_tag?post=12447"}],"curies":[{"name":"wp","href":"https:\/\/api.w.org\/{rel}","templated":true}]}}