{"id":12298,"date":"2024-10-13T03:29:21","date_gmt":"2024-10-13T01:29:21","guid":{"rendered":"https:\/\/pandita.mx\/?post_type=product&#038;p=12298"},"modified":"2024-10-13T03:31:52","modified_gmt":"2024-10-13T01:31:52","slug":"mar-calaveras","status":"publish","type":"product","link":"https:\/\/pandita.mx\/index.php\/producto\/mar-calaveras\/","title":{"rendered":"Mar Calaveras"},"content":{"rendered":"<p>Celebra el D\u00eda de Muertos con estilo con nuestras exclusivas playeras de esqueletos de animales en Pandita.mx: Nuestros dise\u00f1os \u00fanicos fusionan la tradici\u00f3n y la creatividad, capturando la esencia de esta festividad con un toque art\u00edstico que rinde homenaje a la vida y la muerte. Perfectas para quienes buscan destacar su amor por las tradiciones mexicanas con un estilo moderno, nuestras playeras son una declaraci\u00f3n de cultura y originalidad. \u00a1Lleva contigo la magia del D\u00eda de Muertos y destaca con nuestras creaciones especiales!<\/p>\n","protected":false},"excerpt":{"rendered":"<p>Celebra el D\u00eda de Muertos con estilo con nuestras exclusivas playeras de esqueletos de animales en Pandita.mx: Nuestros dise\u00f1os \u00fanicos fusionan la tradici\u00f3n y la creatividad, capturando la esencia de esta festividad con un toque art\u00edstico que rinde homenaje a la vida y la muerte. Perfectas para quienes buscan destacar su amor por las tradiciones [&hellip;]<\/p>\n","protected":false},"featured_media":11940,"comment_status":"open","ping_status":"closed","template":"","meta":{"_et_pb_use_builder":"","_et_pb_old_content":"","_et_gb_content_width":""},"product_cat":[112],"product_tag":[],"class_list":{"0":"post-12298","1":"product","2":"type-product","3":"status-publish","4":"has-post-thumbnail","6":"product_cat-11_01-animal-calavera","7":"pa_color-blanco","8":"pa_color-negro","10":"first","11":"instock","12":"shipping-taxable","13":"purchasable","14":"product-type-variable"},"_links":{"self":[{"href":"https:\/\/pandita.mx\/index.php\/wp-json\/wp\/v2\/product\/12298","targetHints":{"allow":["GET"]}}],"collection":[{"href":"https:\/\/pandita.mx\/index.php\/wp-json\/wp\/v2\/product"}],"about":[{"href":"https:\/\/pandita.mx\/index.php\/wp-json\/wp\/v2\/types\/product"}],"replies":[{"embeddable":true,"href":"https:\/\/pandita.mx\/index.php\/wp-json\/wp\/v2\/comments?post=12298"}],"wp:featuredmedia":[{"embeddable":true,"href":"https:\/\/pandita.mx\/index.php\/wp-json\/wp\/v2\/media\/11940"}],"wp:attachment":[{"href":"https:\/\/pandita.mx\/index.php\/wp-json\/wp\/v2\/media?parent=12298"}],"wp:term":[{"taxonomy":"product_cat","embeddable":true,"href":"https:\/\/pandita.mx\/index.php\/wp-json\/wp\/v2\/product_cat?post=12298"},{"taxonomy":"product_tag","embeddable":true,"href":"https:\/\/pandita.mx\/index.php\/wp-json\/wp\/v2\/product_tag?post=12298"}],"curies":[{"name":"wp","href":"https:\/\/api.w.org\/{rel}","templated":true}]}}