{"id":1115,"date":"2024-04-26T07:36:20","date_gmt":"2024-04-26T05:36:20","guid":{"rendered":"https:\/\/pandita.mx\/?post_type=product&#038;p=1115"},"modified":"2024-04-26T07:36:21","modified_gmt":"2024-04-26T05:36:21","slug":"bom-bom-power","status":"publish","type":"product","link":"https:\/\/pandita.mx\/index.php\/producto\/bom-bom-power\/","title":{"rendered":"Bom Bom Power"},"content":{"rendered":"<p>Es la hermana m\u00e1s joven y dulce del tr\u00edo. Tiene una personalidad tierna y cari\u00f1osa, pero tambi\u00e9n es muy valiente cuando se trata de defender a Townsville. Su color distintivo es el azul y su s\u00edmbolo es una burbuja<\/p>\n","protected":false},"excerpt":{"rendered":"<p>Es la hermana m\u00e1s joven y dulce del tr\u00edo. Tiene una personalidad tierna y cari\u00f1osa, pero tambi\u00e9n es muy valiente cuando se trata de defender a Townsville. Su color distintivo es el azul y su s\u00edmbolo es una burbuja<\/p>\n","protected":false},"featured_media":1088,"comment_status":"open","ping_status":"closed","template":"","meta":{"_et_pb_use_builder":"","_et_pb_old_content":"","_et_gb_content_width":""},"product_cat":[34,35],"product_tag":[],"class_list":{"0":"post-1115","1":"product","2":"type-product","3":"status-publish","4":"has-post-thumbnail","6":"product_cat-chicas-super-poderosas","7":"product_cat-dia-del-nino","9":"first","10":"instock","11":"shipping-taxable","12":"purchasable","13":"product-type-simple"},"_links":{"self":[{"href":"https:\/\/pandita.mx\/index.php\/wp-json\/wp\/v2\/product\/1115","targetHints":{"allow":["GET"]}}],"collection":[{"href":"https:\/\/pandita.mx\/index.php\/wp-json\/wp\/v2\/product"}],"about":[{"href":"https:\/\/pandita.mx\/index.php\/wp-json\/wp\/v2\/types\/product"}],"replies":[{"embeddable":true,"href":"https:\/\/pandita.mx\/index.php\/wp-json\/wp\/v2\/comments?post=1115"}],"wp:featuredmedia":[{"embeddable":true,"href":"https:\/\/pandita.mx\/index.php\/wp-json\/wp\/v2\/media\/1088"}],"wp:attachment":[{"href":"https:\/\/pandita.mx\/index.php\/wp-json\/wp\/v2\/media?parent=1115"}],"wp:term":[{"taxonomy":"product_cat","embeddable":true,"href":"https:\/\/pandita.mx\/index.php\/wp-json\/wp\/v2\/product_cat?post=1115"},{"taxonomy":"product_tag","embeddable":true,"href":"https:\/\/pandita.mx\/index.php\/wp-json\/wp\/v2\/product_tag?post=1115"}],"curies":[{"name":"wp","href":"https:\/\/api.w.org\/{rel}","templated":true}]}}