{"id":1114,"date":"2024-04-26T07:35:12","date_gmt":"2024-04-26T05:35:12","guid":{"rendered":"https:\/\/pandita.mx\/?post_type=product&#038;p=1114"},"modified":"2024-04-26T07:35:13","modified_gmt":"2024-04-26T05:35:13","slug":"bellota-2","status":"publish","type":"product","link":"https:\/\/pandita.mx\/index.php\/producto\/bellota-2\/","title":{"rendered":"Bellota Power"},"content":{"rendered":"<p>Bellota es conocida por ser la m\u00e1s valiente y atl\u00e9tica del tr\u00edo de hero\u00ednas. Tiene una personalidad en\u00e9rgica y decidida, y a menudo act\u00faa como la l\u00edder del grupo<\/p>\n","protected":false},"excerpt":{"rendered":"<p>Bellota es conocida por ser la m\u00e1s valiente y atl\u00e9tica del tr\u00edo de hero\u00ednas. Tiene una personalidad en\u00e9rgica y decidida, y a menudo act\u00faa como la l\u00edder del grupo<\/p>\n","protected":false},"featured_media":1087,"comment_status":"open","ping_status":"closed","template":"","meta":{"_et_pb_use_builder":"","_et_pb_old_content":"","_et_gb_content_width":""},"product_cat":[34,35],"product_tag":[],"class_list":{"0":"post-1114","1":"product","2":"type-product","3":"status-publish","4":"has-post-thumbnail","6":"product_cat-chicas-super-poderosas","7":"product_cat-dia-del-nino","9":"first","10":"instock","11":"shipping-taxable","12":"purchasable","13":"product-type-simple"},"_links":{"self":[{"href":"https:\/\/pandita.mx\/index.php\/wp-json\/wp\/v2\/product\/1114","targetHints":{"allow":["GET"]}}],"collection":[{"href":"https:\/\/pandita.mx\/index.php\/wp-json\/wp\/v2\/product"}],"about":[{"href":"https:\/\/pandita.mx\/index.php\/wp-json\/wp\/v2\/types\/product"}],"replies":[{"embeddable":true,"href":"https:\/\/pandita.mx\/index.php\/wp-json\/wp\/v2\/comments?post=1114"}],"wp:featuredmedia":[{"embeddable":true,"href":"https:\/\/pandita.mx\/index.php\/wp-json\/wp\/v2\/media\/1087"}],"wp:attachment":[{"href":"https:\/\/pandita.mx\/index.php\/wp-json\/wp\/v2\/media?parent=1114"}],"wp:term":[{"taxonomy":"product_cat","embeddable":true,"href":"https:\/\/pandita.mx\/index.php\/wp-json\/wp\/v2\/product_cat?post=1114"},{"taxonomy":"product_tag","embeddable":true,"href":"https:\/\/pandita.mx\/index.php\/wp-json\/wp\/v2\/product_tag?post=1114"}],"curies":[{"name":"wp","href":"https:\/\/api.w.org\/{rel}","templated":true}]}}