{"id":1072,"date":"2024-04-25T08:13:39","date_gmt":"2024-04-25T06:13:39","guid":{"rendered":"https:\/\/pandita.mx\/?post_type=product&#038;p=1072"},"modified":"2024-04-25T08:14:35","modified_gmt":"2024-04-25T06:14:35","slug":"senprota-puff","status":"publish","type":"product","link":"https:\/\/pandita.mx\/index.php\/producto\/senprota-puff\/","title":{"rendered":"Se\u00f1orita Puff Nike Air"},"content":{"rendered":"<p>La Sra. Puff es un pez globo que es la maestra de la Escuela de Navegaci\u00f3n de Fondo de Bikini, donde ense\u00f1a a conducir embarcaciones marinas<\/p>\n","protected":false},"excerpt":{"rendered":"<p>La Sra. Puff es un pez globo que es la maestra de la Escuela de Navegaci\u00f3n de Fondo de Bikini, donde ense\u00f1a a conducir embarcaciones marinas<\/p>\n","protected":false},"featured_media":1063,"comment_status":"open","ping_status":"closed","template":"","meta":{"_et_pb_use_builder":"","_et_pb_old_content":"","_et_gb_content_width":""},"product_cat":[38,26,35],"product_tag":[],"class_list":{"0":"post-1072","1":"product","2":"type-product","3":"status-publish","4":"has-post-thumbnail","6":"product_cat-bob-esponja","7":"product_cat-cartoon","8":"product_cat-dia-del-nino","10":"first","11":"instock","12":"shipping-taxable","13":"purchasable","14":"product-type-simple"},"_links":{"self":[{"href":"https:\/\/pandita.mx\/index.php\/wp-json\/wp\/v2\/product\/1072","targetHints":{"allow":["GET"]}}],"collection":[{"href":"https:\/\/pandita.mx\/index.php\/wp-json\/wp\/v2\/product"}],"about":[{"href":"https:\/\/pandita.mx\/index.php\/wp-json\/wp\/v2\/types\/product"}],"replies":[{"embeddable":true,"href":"https:\/\/pandita.mx\/index.php\/wp-json\/wp\/v2\/comments?post=1072"}],"wp:featuredmedia":[{"embeddable":true,"href":"https:\/\/pandita.mx\/index.php\/wp-json\/wp\/v2\/media\/1063"}],"wp:attachment":[{"href":"https:\/\/pandita.mx\/index.php\/wp-json\/wp\/v2\/media?parent=1072"}],"wp:term":[{"taxonomy":"product_cat","embeddable":true,"href":"https:\/\/pandita.mx\/index.php\/wp-json\/wp\/v2\/product_cat?post=1072"},{"taxonomy":"product_tag","embeddable":true,"href":"https:\/\/pandita.mx\/index.php\/wp-json\/wp\/v2\/product_tag?post=1072"}],"curies":[{"name":"wp","href":"https:\/\/api.w.org\/{rel}","templated":true}]}}