{"id":1065,"date":"2024-04-25T08:05:03","date_gmt":"2024-04-25T06:05:03","guid":{"rendered":"https:\/\/pandita.mx\/?post_type=product&#038;p=1065"},"modified":"2024-04-25T08:05:04","modified_gmt":"2024-04-25T06:05:04","slug":"calamardo-nike-air","status":"publish","type":"product","link":"https:\/\/pandita.mx\/index.php\/producto\/calamardo-nike-air\/","title":{"rendered":"Calamardo Nike Air"},"content":{"rendered":"<p>El vecino gru\u00f1\u00f3n de Bob Esponja y Patricio, que vive entre ellos en una casa de mo\u00e1i<\/p>\n","protected":false},"excerpt":{"rendered":"<ul>\n<li>El vecino gru\u00f1\u00f3n de Bob Esponja y Patricio, que vive entre ellos en una casa de mo\u00e1i.<\/li>\n<\/ul>\n","protected":false},"featured_media":1056,"comment_status":"open","ping_status":"closed","template":"","meta":{"_et_pb_use_builder":"","_et_pb_old_content":"","_et_gb_content_width":""},"product_cat":[38,26,35],"product_tag":[],"class_list":{"0":"post-1065","1":"product","2":"type-product","3":"status-publish","4":"has-post-thumbnail","6":"product_cat-bob-esponja","7":"product_cat-cartoon","8":"product_cat-dia-del-nino","10":"first","11":"instock","12":"shipping-taxable","13":"purchasable","14":"product-type-simple"},"_links":{"self":[{"href":"https:\/\/pandita.mx\/index.php\/wp-json\/wp\/v2\/product\/1065","targetHints":{"allow":["GET"]}}],"collection":[{"href":"https:\/\/pandita.mx\/index.php\/wp-json\/wp\/v2\/product"}],"about":[{"href":"https:\/\/pandita.mx\/index.php\/wp-json\/wp\/v2\/types\/product"}],"replies":[{"embeddable":true,"href":"https:\/\/pandita.mx\/index.php\/wp-json\/wp\/v2\/comments?post=1065"}],"wp:featuredmedia":[{"embeddable":true,"href":"https:\/\/pandita.mx\/index.php\/wp-json\/wp\/v2\/media\/1056"}],"wp:attachment":[{"href":"https:\/\/pandita.mx\/index.php\/wp-json\/wp\/v2\/media?parent=1065"}],"wp:term":[{"taxonomy":"product_cat","embeddable":true,"href":"https:\/\/pandita.mx\/index.php\/wp-json\/wp\/v2\/product_cat?post=1065"},{"taxonomy":"product_tag","embeddable":true,"href":"https:\/\/pandita.mx\/index.php\/wp-json\/wp\/v2\/product_tag?post=1065"}],"curies":[{"name":"wp","href":"https:\/\/api.w.org\/{rel}","templated":true}]}}