{"id":1049,"date":"2024-04-25T07:37:45","date_gmt":"2024-04-25T05:37:45","guid":{"rendered":"https:\/\/pandita.mx\/?post_type=product&#038;p=1049"},"modified":"2024-04-25T07:37:45","modified_gmt":"2024-04-25T05:37:45","slug":"astro-boy","status":"publish","type":"product","link":"https:\/\/pandita.mx\/index.php\/producto\/astro-boy\/","title":{"rendered":"Astro Boy"},"content":{"rendered":"<p>Astro Boy\u00bb es una serie de manga y anime ic\u00f3nica creada por Osamu Tezuka. Tambi\u00e9n conocida como \u00abTetsuwan Atom\u00bb en japon\u00e9s, la historia sigue las aventuras de un robot con forma de ni\u00f1o llamado Astro Boy (Atom en japon\u00e9s)<\/p>\n","protected":false},"excerpt":{"rendered":"<p>Astro Boy\u00bb es una serie de manga y anime ic\u00f3nica creada por Osamu Tezuka. Tambi\u00e9n conocida como \u00abTetsuwan Atom\u00bb en japon\u00e9s, la historia sigue las aventuras de un robot con forma de ni\u00f1o llamado Astro Boy (Atom en japon\u00e9s)<\/p>\n","protected":false},"featured_media":1051,"comment_status":"open","ping_status":"closed","template":"","meta":{"_et_pb_use_builder":"","_et_pb_old_content":"","_et_gb_content_width":""},"product_cat":[37],"product_tag":[],"class_list":{"0":"post-1049","1":"product","2":"type-product","3":"status-publish","4":"has-post-thumbnail","6":"product_cat-manga","8":"first","9":"instock","10":"shipping-taxable","11":"purchasable","12":"product-type-simple"},"_links":{"self":[{"href":"https:\/\/pandita.mx\/index.php\/wp-json\/wp\/v2\/product\/1049","targetHints":{"allow":["GET"]}}],"collection":[{"href":"https:\/\/pandita.mx\/index.php\/wp-json\/wp\/v2\/product"}],"about":[{"href":"https:\/\/pandita.mx\/index.php\/wp-json\/wp\/v2\/types\/product"}],"replies":[{"embeddable":true,"href":"https:\/\/pandita.mx\/index.php\/wp-json\/wp\/v2\/comments?post=1049"}],"wp:featuredmedia":[{"embeddable":true,"href":"https:\/\/pandita.mx\/index.php\/wp-json\/wp\/v2\/media\/1051"}],"wp:attachment":[{"href":"https:\/\/pandita.mx\/index.php\/wp-json\/wp\/v2\/media?parent=1049"}],"wp:term":[{"taxonomy":"product_cat","embeddable":true,"href":"https:\/\/pandita.mx\/index.php\/wp-json\/wp\/v2\/product_cat?post=1049"},{"taxonomy":"product_tag","embeddable":true,"href":"https:\/\/pandita.mx\/index.php\/wp-json\/wp\/v2\/product_tag?post=1049"}],"curies":[{"name":"wp","href":"https:\/\/api.w.org\/{rel}","templated":true}]}}