{"id":1043,"date":"2024-04-25T07:32:24","date_gmt":"2024-04-25T05:32:24","guid":{"rendered":"https:\/\/pandita.mx\/?post_type=product&#038;p=1043"},"modified":"2024-04-25T07:32:25","modified_gmt":"2024-04-25T05:32:25","slug":"edd","status":"publish","type":"product","link":"https:\/\/pandita.mx\/index.php\/producto\/edd\/","title":{"rendered":"Edd"},"content":{"rendered":"<p>Ed es uno de los personajes principales en la serie animada \u00abEd, Edd y Eddy\u00bb. Es conocido por ser un chico torpe y algo simple, pero tiene un coraz\u00f3n amable. Ed es alto, con cabello rojo y usa una camiseta amarilla. Tiene una obsesi\u00f3n por las gallinas y a menudo realiza actos c\u00f3micos y extra\u00f1os.<\/p>\n","protected":false},"excerpt":{"rendered":"<p>Ed es uno de los personajes principales en la serie animada \u00abEd, Edd y Eddy\u00bb. Es conocido por ser un chico torpe y algo simple, pero tiene un coraz\u00f3n amable. Ed es alto, con cabello rojo y usa una camiseta amarilla. Tiene una obsesi\u00f3n por las gallinas y a menudo realiza actos c\u00f3micos y extra\u00f1os.<\/p>\n","protected":false},"featured_media":1040,"comment_status":"open","ping_status":"closed","template":"","meta":{"_et_pb_use_builder":"","_et_pb_old_content":"","_et_gb_content_width":""},"product_cat":[26],"product_tag":[],"class_list":{"0":"post-1043","1":"product","2":"type-product","3":"status-publish","4":"has-post-thumbnail","6":"product_cat-cartoon","8":"first","9":"instock","10":"shipping-taxable","11":"purchasable","12":"product-type-simple"},"_links":{"self":[{"href":"https:\/\/pandita.mx\/index.php\/wp-json\/wp\/v2\/product\/1043","targetHints":{"allow":["GET"]}}],"collection":[{"href":"https:\/\/pandita.mx\/index.php\/wp-json\/wp\/v2\/product"}],"about":[{"href":"https:\/\/pandita.mx\/index.php\/wp-json\/wp\/v2\/types\/product"}],"replies":[{"embeddable":true,"href":"https:\/\/pandita.mx\/index.php\/wp-json\/wp\/v2\/comments?post=1043"}],"wp:featuredmedia":[{"embeddable":true,"href":"https:\/\/pandita.mx\/index.php\/wp-json\/wp\/v2\/media\/1040"}],"wp:attachment":[{"href":"https:\/\/pandita.mx\/index.php\/wp-json\/wp\/v2\/media?parent=1043"}],"wp:term":[{"taxonomy":"product_cat","embeddable":true,"href":"https:\/\/pandita.mx\/index.php\/wp-json\/wp\/v2\/product_cat?post=1043"},{"taxonomy":"product_tag","embeddable":true,"href":"https:\/\/pandita.mx\/index.php\/wp-json\/wp\/v2\/product_tag?post=1043"}],"curies":[{"name":"wp","href":"https:\/\/api.w.org\/{rel}","templated":true}]}}