{"id":1034,"date":"2024-04-25T07:19:51","date_gmt":"2024-04-25T05:19:51","guid":{"rendered":"https:\/\/pandita.mx\/?post_type=product&#038;p=1034"},"modified":"2024-04-25T07:19:51","modified_gmt":"2024-04-25T05:19:51","slug":"chicas-super-poderosas","status":"publish","type":"product","link":"https:\/\/pandita.mx\/index.php\/producto\/chicas-super-poderosas\/","title":{"rendered":"Chicas Super Poderosas"},"content":{"rendered":"<p>Las Chicas Superpoderosas es una serie animada creada por Craig McCracken que se emiti\u00f3 originalmente en Cartoon Network. La serie sigue las aventuras de tres peque\u00f1as superhero\u00ednas llamadas Burbuja, Bomb\u00f3n y Bellota, creadas en un laboratorio por el Profesor Utonio.<\/p>\n","protected":false},"excerpt":{"rendered":"<p>\u00abLas Chicas Superpoderosas\u00bb es una serie animada creada por Craig McCracken que se emiti\u00f3 originalmente en Cartoon Network. La serie sigue las aventuras de tres peque\u00f1as superhero\u00ednas llamadas Burbuja, Bomb\u00f3n y Bellota, creadas en un laboratorio por el Profesor Utonio.<\/p>\n","protected":false},"featured_media":1035,"comment_status":"open","ping_status":"closed","template":"","meta":{"_et_pb_use_builder":"","_et_pb_old_content":"","_et_gb_content_width":""},"product_cat":[26,34,35],"product_tag":[],"class_list":{"0":"post-1034","1":"product","2":"type-product","3":"status-publish","4":"has-post-thumbnail","6":"product_cat-cartoon","7":"product_cat-chicas-super-poderosas","8":"product_cat-dia-del-nino","10":"first","11":"instock","12":"shipping-taxable","13":"purchasable","14":"product-type-simple"},"_links":{"self":[{"href":"https:\/\/pandita.mx\/index.php\/wp-json\/wp\/v2\/product\/1034","targetHints":{"allow":["GET"]}}],"collection":[{"href":"https:\/\/pandita.mx\/index.php\/wp-json\/wp\/v2\/product"}],"about":[{"href":"https:\/\/pandita.mx\/index.php\/wp-json\/wp\/v2\/types\/product"}],"replies":[{"embeddable":true,"href":"https:\/\/pandita.mx\/index.php\/wp-json\/wp\/v2\/comments?post=1034"}],"wp:featuredmedia":[{"embeddable":true,"href":"https:\/\/pandita.mx\/index.php\/wp-json\/wp\/v2\/media\/1035"}],"wp:attachment":[{"href":"https:\/\/pandita.mx\/index.php\/wp-json\/wp\/v2\/media?parent=1034"}],"wp:term":[{"taxonomy":"product_cat","embeddable":true,"href":"https:\/\/pandita.mx\/index.php\/wp-json\/wp\/v2\/product_cat?post=1034"},{"taxonomy":"product_tag","embeddable":true,"href":"https:\/\/pandita.mx\/index.php\/wp-json\/wp\/v2\/product_tag?post=1034"}],"curies":[{"name":"wp","href":"https:\/\/api.w.org\/{rel}","templated":true}]}}