{"id":1031,"date":"2024-04-25T07:06:19","date_gmt":"2024-04-25T05:06:19","guid":{"rendered":"https:\/\/pandita.mx\/?post_type=product&#038;p=1031"},"modified":"2024-04-25T07:15:54","modified_gmt":"2024-04-25T05:15:54","slug":"bom-bom","status":"publish","type":"product","link":"https:\/\/pandita.mx\/index.php\/producto\/bom-bom\/","title":{"rendered":"Bom Bom"},"content":{"rendered":"<p>Burbuja es un personaje querido por su ternura y su capacidad para mostrar compasi\u00f3n incluso en situaciones dif\u00edciles. Junto con Bomb\u00f3n y Bellota, forma parte de un equipo din\u00e1mico de superh\u00e9roes que luchan para mantener la paz en la ciudad de Townsville<\/p>\n","protected":false},"excerpt":{"rendered":"<p>Burbuja es un personaje querido por su ternura y su capacidad para mostrar compasi\u00f3n incluso en situaciones dif\u00edciles. Junto con Bomb\u00f3n y Bellota, forma parte de un equipo din\u00e1mico de superh\u00e9roes que luchan para mantener la paz en la ciudad de Townsville<\/p>\n","protected":false},"featured_media":1026,"comment_status":"open","ping_status":"closed","template":"","meta":{"_et_pb_use_builder":"","_et_pb_old_content":"","_et_gb_content_width":""},"product_cat":[26,34,35],"product_tag":[],"class_list":{"0":"post-1031","1":"product","2":"type-product","3":"status-publish","4":"has-post-thumbnail","6":"product_cat-cartoon","7":"product_cat-chicas-super-poderosas","8":"product_cat-dia-del-nino","10":"first","11":"instock","12":"shipping-taxable","13":"purchasable","14":"product-type-simple"},"_links":{"self":[{"href":"https:\/\/pandita.mx\/index.php\/wp-json\/wp\/v2\/product\/1031","targetHints":{"allow":["GET"]}}],"collection":[{"href":"https:\/\/pandita.mx\/index.php\/wp-json\/wp\/v2\/product"}],"about":[{"href":"https:\/\/pandita.mx\/index.php\/wp-json\/wp\/v2\/types\/product"}],"replies":[{"embeddable":true,"href":"https:\/\/pandita.mx\/index.php\/wp-json\/wp\/v2\/comments?post=1031"}],"wp:featuredmedia":[{"embeddable":true,"href":"https:\/\/pandita.mx\/index.php\/wp-json\/wp\/v2\/media\/1026"}],"wp:attachment":[{"href":"https:\/\/pandita.mx\/index.php\/wp-json\/wp\/v2\/media?parent=1031"}],"wp:term":[{"taxonomy":"product_cat","embeddable":true,"href":"https:\/\/pandita.mx\/index.php\/wp-json\/wp\/v2\/product_cat?post=1031"},{"taxonomy":"product_tag","embeddable":true,"href":"https:\/\/pandita.mx\/index.php\/wp-json\/wp\/v2\/product_tag?post=1031"}],"curies":[{"name":"wp","href":"https:\/\/api.w.org\/{rel}","templated":true}]}}