{"id":1021,"date":"2024-04-25T06:50:59","date_gmt":"2024-04-25T04:50:59","guid":{"rendered":"https:\/\/pandita.mx\/?post_type=product&#038;p=1021"},"modified":"2024-04-25T06:51:00","modified_gmt":"2024-04-25T04:51:00","slug":"rainbow-brite","status":"publish","type":"product","link":"https:\/\/pandita.mx\/index.php\/producto\/rainbow-brite\/","title":{"rendered":"Rainbow Brite"},"content":{"rendered":"<p>Este es un personaje de una serie animada de los a\u00f1os 80 llamada \u00abRainbow Brite\u00bb (en espa\u00f1ol, \u00abLa peque\u00f1a Rainbow\u00bb). Rainbow Brite es una ni\u00f1a con cabello rubio y un vestido multicolor que tiene la misi\u00f3n de traer color y alegr\u00eda al mundo. Ella utiliza su magia para combatir la oscuridad y mantener vivos los colores en Rainbow Land.<\/p>\n","protected":false},"excerpt":{"rendered":"<p>Este es un personaje de una serie animada de los a\u00f1os 80 llamada \u00abRainbow Brite\u00bb (en espa\u00f1ol, \u00abLa peque\u00f1a Rainbow\u00bb). Rainbow Brite es una ni\u00f1a con cabello rubio y un vestido multicolor que tiene la misi\u00f3n de traer color y alegr\u00eda al mundo. Ella utiliza su magia para combatir la oscuridad y mantener vivos los colores en Rainbow Land.<\/p>\n","protected":false},"featured_media":1022,"comment_status":"open","ping_status":"closed","template":"","meta":{"_et_pb_use_builder":"","_et_pb_old_content":"","_et_gb_content_width":""},"product_cat":[26],"product_tag":[],"class_list":{"0":"post-1021","1":"product","2":"type-product","3":"status-publish","4":"has-post-thumbnail","6":"product_cat-cartoon","8":"first","9":"instock","10":"shipping-taxable","11":"purchasable","12":"product-type-simple"},"_links":{"self":[{"href":"https:\/\/pandita.mx\/index.php\/wp-json\/wp\/v2\/product\/1021","targetHints":{"allow":["GET"]}}],"collection":[{"href":"https:\/\/pandita.mx\/index.php\/wp-json\/wp\/v2\/product"}],"about":[{"href":"https:\/\/pandita.mx\/index.php\/wp-json\/wp\/v2\/types\/product"}],"replies":[{"embeddable":true,"href":"https:\/\/pandita.mx\/index.php\/wp-json\/wp\/v2\/comments?post=1021"}],"wp:featuredmedia":[{"embeddable":true,"href":"https:\/\/pandita.mx\/index.php\/wp-json\/wp\/v2\/media\/1022"}],"wp:attachment":[{"href":"https:\/\/pandita.mx\/index.php\/wp-json\/wp\/v2\/media?parent=1021"}],"wp:term":[{"taxonomy":"product_cat","embeddable":true,"href":"https:\/\/pandita.mx\/index.php\/wp-json\/wp\/v2\/product_cat?post=1021"},{"taxonomy":"product_tag","embeddable":true,"href":"https:\/\/pandita.mx\/index.php\/wp-json\/wp\/v2\/product_tag?post=1021"}],"curies":[{"name":"wp","href":"https:\/\/api.w.org\/{rel}","templated":true}]}}