{"id":1015,"date":"2024-04-25T06:40:16","date_gmt":"2024-04-25T04:40:16","guid":{"rendered":"https:\/\/pandita.mx\/?post_type=product&#038;p=1015"},"modified":"2024-04-25T06:40:16","modified_gmt":"2024-04-25T04:40:16","slug":"animaniacs-wakoo","status":"publish","type":"product","link":"https:\/\/pandita.mx\/index.php\/producto\/animaniacs-wakoo\/","title":{"rendered":"Animaniacs Wakoo"},"content":{"rendered":"<p>Wakko Warner es uno de los personajes principales de la serie animada \u00abAnimaniacs\u00bb. Es uno de los Warner Brothers (aunque a veces se le llama Warner Sister, ya que es parte del tr\u00edo con sus hermanos Yakko y Dot). Wakko es conocido por su personalidad exc\u00e9ntrica, su amor por la comida y su habilidad para hacer ruidos extra\u00f1os con su voz.<\/p>\n","protected":false},"excerpt":{"rendered":"<p>Wakko Warner es uno de los personajes principales de la serie animada \u00abAnimaniacs\u00bb. Es uno de los Warner Brothers (aunque a veces se le llama Warner Sister, ya que es parte del tr\u00edo con sus hermanos Yakko y Dot). Wakko es conocido por su personalidad exc\u00e9ntrica, su amor por la comida y su habilidad para hacer ruidos extra\u00f1os con su voz.<\/p>\n","protected":false},"featured_media":1017,"comment_status":"open","ping_status":"closed","template":"","meta":{"_et_pb_use_builder":"","_et_pb_old_content":"","_et_gb_content_width":""},"product_cat":[26],"product_tag":[33],"class_list":{"0":"post-1015","1":"product","2":"type-product","3":"status-publish","4":"has-post-thumbnail","6":"product_cat-cartoon","7":"product_tag-animaniacs","9":"first","10":"instock","11":"shipping-taxable","12":"purchasable","13":"product-type-simple"},"_links":{"self":[{"href":"https:\/\/pandita.mx\/index.php\/wp-json\/wp\/v2\/product\/1015","targetHints":{"allow":["GET"]}}],"collection":[{"href":"https:\/\/pandita.mx\/index.php\/wp-json\/wp\/v2\/product"}],"about":[{"href":"https:\/\/pandita.mx\/index.php\/wp-json\/wp\/v2\/types\/product"}],"replies":[{"embeddable":true,"href":"https:\/\/pandita.mx\/index.php\/wp-json\/wp\/v2\/comments?post=1015"}],"wp:featuredmedia":[{"embeddable":true,"href":"https:\/\/pandita.mx\/index.php\/wp-json\/wp\/v2\/media\/1017"}],"wp:attachment":[{"href":"https:\/\/pandita.mx\/index.php\/wp-json\/wp\/v2\/media?parent=1015"}],"wp:term":[{"taxonomy":"product_cat","embeddable":true,"href":"https:\/\/pandita.mx\/index.php\/wp-json\/wp\/v2\/product_cat?post=1015"},{"taxonomy":"product_tag","embeddable":true,"href":"https:\/\/pandita.mx\/index.php\/wp-json\/wp\/v2\/product_tag?post=1015"}],"curies":[{"name":"wp","href":"https:\/\/api.w.org\/{rel}","templated":true}]}}