{"id":36841,"date":"2025-05-23T18:37:02","date_gmt":"2025-05-23T16:37:02","guid":{"rendered":"https:\/\/pandita.mx\/?page_id=36841"},"modified":"2025-05-23T18:53:51","modified_gmt":"2025-05-23T16:53:51","slug":"contactanos","status":"publish","type":"page","link":"https:\/\/pandita.mx\/index.php\/contactanos\/","title":{"rendered":"Cont\u00e1ctanos"},"content":{"rendered":"<p><a href=\"https:\/\/www.facebook.com\/profile.php?id=61575766536931\" target=\"_blank\"><br \/>\n\t\t\t\t\t\tFacebook-f<br \/>\n\t\t\t\t\t\t<svg viewBox=\"0 0 320 512\" xmlns=\"http:\/\/www.w3.org\/2000\/svg\"><path d=\"M279.14 288l14.22-92.66h-88.91v-60.13c0-25.35 12.42-50.06 52.24-50.06h40.42V6.26S260.43 0 225.36 0c-73.22 0-121.08 44.38-121.08 124.72v70.62H22.89V288h81.39v224h100.17V288z\"><\/path><\/svg>\t\t\t\t\t<\/a><br \/>\n\t\t\t\t\t<a href=\"https:\/\/www.instagram.com\/ryuken.com.mx\/\" target=\"_blank\"><br \/>\n\t\t\t\t\t\tInstagram<br \/>\n\t\t\t\t\t\t<svg viewBox=\"0 0 448 512\" xmlns=\"http:\/\/www.w3.org\/2000\/svg\"><path d=\"M224.1 141c-63.6 0-114.9 51.3-114.9 114.9s51.3 114.9 114.9 114.9S339 319.5 339 255.9 287.7 141 224.1 141zm0 189.6c-41.1 0-74.7-33.5-74.7-74.7s33.5-74.7 74.7-74.7 74.7 33.5 74.7 74.7-33.6 74.7-74.7 74.7zm146.4-194.3c0 14.9-12 26.8-26.8 26.8-14.9 0-26.8-12-26.8-26.8s12-26.8 26.8-26.8 26.8 12 26.8 26.8zm76.1 27.2c-1.7-35.9-9.9-67.7-36.2-93.9-26.2-26.2-58-34.4-93.9-36.2-37-2.1-147.9-2.1-184.9 0-35.8 1.7-67.6 9.9-93.9 36.1s-34.4 58-36.2 93.9c-2.1 37-2.1 147.9 0 184.9 1.7 35.9 9.9 67.7 36.2 93.9s58 34.4 93.9 36.2c37 2.1 147.9 2.1 184.9 0 35.9-1.7 67.7-9.9 93.9-36.2 26.2-26.2 34.4-58 36.2-93.9 2.1-37 2.1-147.8 0-184.8zM398.8 388c-7.8 19.6-22.9 34.7-42.6 42.6-29.5 11.7-99.5 9-132.1 9s-102.7 2.6-132.1-9c-19.6-7.8-34.7-22.9-42.6-42.6-11.7-29.5-9-99.5-9-132.1s-2.6-102.7 9-132.1c7.8-19.6 22.9-34.7 42.6-42.6 29.5-11.7 99.5-9 132.1-9s102.7-2.6 132.1 9c19.6 7.8 34.7 22.9 42.6 42.6 11.7 29.5 9 99.5 9 132.1s2.7 102.7-9 132.1z\"><\/path><\/svg>\t\t\t\t\t<\/a><br \/>\n\t\t\t\t\t<a href=\"https:\/\/www.tiktok.com\/@ryuken.com.mx\" target=\"_blank\"><br \/>\n\t\t\t\t\t\tTiktok<br \/>\n\t\t\t\t\t\t<svg viewBox=\"0 0 448 512\" xmlns=\"http:\/\/www.w3.org\/2000\/svg\"><path d=\"M448,209.91a210.06,210.06,0,0,1-122.77-39.25V349.38A162.55,162.55,0,1,1,185,188.31V278.2a74.62,74.62,0,1,0,52.23,71.18V0l88,0a121.18,121.18,0,0,0,1.86,22.17h0A122.18,122.18,0,0,0,381,102.39a121.43,121.43,0,0,0,67,20.14Z\"><\/path><\/svg>\t\t\t\t\t<\/a><br \/>\n\t\t\t\t\t\t\t\t\t\tEnv\u00edo gratis en compras superiores a $1,000.\u00b0\u00b0Garant\u00eda en nuestros productosOfertas exclusivas en l\u00ednea\t\t\t\t<\/p>\n<ul>\n<li>\n\t\t\t\t\t\t\t\t\t\t\t<a href=\"https:\/\/pandita.mx\/index.php\/politica-de-devoluciones\/\"><br \/>\n\t\t\t\t\t\t\t\t\t\t\tPol\u00edtica Devoluciones<br \/>\n\t\t\t\t\t\t\t\t\t\t\t<\/a>\n\t\t\t\t\t\t\t\t\t<\/li>\n<li>\n\t\t\t\t\t\t\t\t\t\t\t<a href=\"https:\/\/pandita.mx\/index.php\/contactanos\/\"><br \/>\n\t\t\t\t\t\t\t\t\t\t\tCont\u00e1ctanos<br \/>\n\t\t\t\t\t\t\t\t\t\t\t<\/a>\n\t\t\t\t\t\t\t\t\t<\/li>\n<\/ul>\n<p>\t\t\t\t\t\t\t\t\t\t\t\t\t\t\t\t<a href=\"#\"><br \/>\n\t\t\t\t\t\t\t<img loading=\"lazy\" decoding=\"async\" width=\"512\" height=\"512\" src=\"https:\/\/pandita.mx\/wp-content\/uploads\/2024\/01\/cropped-black.png\" alt=\"\" srcset=\"https:\/\/pandita.mx\/wp-content\/uploads\/2024\/01\/cropped-black.png 512w, https:\/\/pandita.mx\/wp-content\/uploads\/2024\/01\/cropped-black-300x300.png 300w, https:\/\/pandita.mx\/wp-content\/uploads\/2024\/01\/cropped-black-150x150.png 150w, https:\/\/pandita.mx\/wp-content\/uploads\/2024\/01\/cropped-black-480x480.png 480w, https:\/\/pandita.mx\/wp-content\/uploads\/2024\/01\/cropped-black-100x100.png 100w, https:\/\/pandita.mx\/wp-content\/uploads\/2024\/01\/cropped-black-270x270.png 270w, https:\/\/pandita.mx\/wp-content\/uploads\/2024\/01\/cropped-black-192x192.png 192w, https:\/\/pandita.mx\/wp-content\/uploads\/2024\/01\/cropped-black-180x180.png 180w, https:\/\/pandita.mx\/wp-content\/uploads\/2024\/01\/cropped-black-32x32.png 32w\" sizes=\"(max-width: 512px) 100vw, 512px\" \/>\t\t\t\t\t\t\t\t<\/a><br \/>\n\t\t\t\t\t<a href=\"#\"><br \/>\n\t\t\t\t<svg aria-hidden=\"true\" viewBox=\"0 0 448 512\" xmlns=\"http:\/\/www.w3.org\/2000\/svg\"><path d=\"M313.6 304c-28.7 0-42.5 16-89.6 16-47.1 0-60.8-16-89.6-16C60.2 304 0 364.2 0 438.4V464c0 26.5 21.5 48 48 48h352c26.5 0 48-21.5 48-48v-25.6c0-74.2-60.2-134.4-134.4-134.4zM400 464H48v-25.6c0-47.6 38.8-86.4 86.4-86.4 14.6 0 38.3 16 89.6 16 51.7 0 74.9-16 89.6-16 47.6 0 86.4 38.8 86.4 86.4V464zM224 288c79.5 0 144-64.5 144-144S303.5 0 224 0 80 64.5 80 144s64.5 144 144 144zm0-240c52.9 0 96 43.1 96 96s-43.1 96-96 96-96-43.1-96-96 43.1-96 96-96z\"><\/path><\/svg><br \/>\n\t\t\t\t\t<\/a><\/p>\n<h2>Cont\u00e1ctanos<\/h2>\n<p>Pare nosotros es muy importante tu opini\u00f3n y darte la atenci\u00f3n que te mereces, cont\u00e1ctanos y nos pondremos en contacto contigo para brindarte la soluci\u00f3n que necesitas<\/p>\n<p>\t\t\t<iframe loading=\"lazy\"\n\t\t\t\t\tsrc=\"https:\/\/maps.google.com\/maps?q=Pandita%20Gral.%20Manuel%20P%C3%A9rez%20Trevi%C3%B1o%20502%2C%20Jes%C3%BAs%20Ter%C3%A1n%2C%2020260%20Mexico%2C%20Ags.&#038;t=m&#038;z=10&#038;output=embed&#038;iwloc=near\"\n\t\t\t\t\ttitle=\"Pandita Gral. Manuel P\u00e9rez Trevi\u00f1o 502, Jes\u00fas Ter\u00e1n, 20260 Mexico, Ags.\"\n\t\t\t\t\taria-label=\"Pandita Gral. Manuel P\u00e9rez Trevi\u00f1o 502, Jes\u00fas Ter\u00e1n, 20260 Mexico, Ags.\"\n\t\t\t><\/iframe><\/p>\n<h2>Necesitas Ayuda? Llamanos<\/h2>\n<ul>\n<li>\n\t\t\t\t\t\t\t<svg aria-hidden=\"true\" viewBox=\"0 0 512 512\" xmlns=\"http:\/\/www.w3.org\/2000\/svg\"><path d=\"M497.39 361.8l-112-48a24 24 0 0 0-28 6.9l-49.6 60.6A370.66 370.66 0 0 1 130.6 204.11l60.6-49.6a23.94 23.94 0 0 0 6.9-28l-48-112A24.16 24.16 0 0 0 122.6.61l-104 24A24 24 0 0 0 0 48c0 256.5 207.9 464 464 464a24 24 0 0 0 23.4-18.6l24-104a24.29 24.29 0 0 0-14.01-27.6z\"><\/path><\/svg><br \/>\n\t\t\t\t\t\t\t\t\t\t4494520724\n\t\t\t\t\t\t\t\t\t<\/li>\n<li>\n\t\t\t\t\t\t\t<svg aria-hidden=\"true\" viewBox=\"0 0 512 512\" xmlns=\"http:\/\/www.w3.org\/2000\/svg\"><path d=\"M497.39 361.8l-112-48a24 24 0 0 0-28 6.9l-49.6 60.6A370.66 370.66 0 0 1 130.6 204.11l60.6-49.6a23.94 23.94 0 0 0 6.9-28l-48-112A24.16 24.16 0 0 0 122.6.61l-104 24A24 24 0 0 0 0 48c0 256.5 207.9 464 464 464a24 24 0 0 0 23.4-18.6l24-104a24.29 24.29 0 0 0-14.01-27.6z\"><\/path><\/svg><br \/>\n\t\t\t\t\t\t\t\t\t\t4499560606\n\t\t\t\t\t\t\t\t\t<\/li>\n<\/ul>\n<h2>Envianos un email<\/h2>\n<ul>\n<li>\n\t\t\t\t\t\t\t\t\t\t\t<a href=\"#\"><br \/>\n\t\t\t\t\t\t\t<svg aria-hidden=\"true\" viewBox=\"0 0 512 512\" xmlns=\"http:\/\/www.w3.org\/2000\/svg\"><path d=\"M464 64H48C21.49 64 0 85.49 0 112v288c0 26.51 21.49 48 48 48h416c26.51 0 48-21.49 48-48V112c0-26.51-21.49-48-48-48zm0 48v40.805c-22.422 18.259-58.168 46.651-134.587 106.49-16.841 13.247-50.201 45.072-73.413 44.701-23.208.375-56.579-31.459-73.413-44.701C106.18 199.465 70.425 171.067 48 152.805V112h416zM48 400V214.398c22.914 18.251 55.409 43.862 104.938 82.646 21.857 17.205 60.134 55.186 103.062 54.955 42.717.231 80.509-37.199 103.053-54.947 49.528-38.783 82.032-64.401 104.947-82.653V400H48z\"><\/path><\/svg><br \/>\n\t\t\t\t\t\t\t\t\t\tluis@pandita.mx<br \/>\n\t\t\t\t\t\t\t\t\t\t\t<\/a>\n\t\t\t\t\t\t\t\t\t<\/li>\n<\/ul>\n<h2>Horarios<\/h2>\n<ul>\n<li>\n\t\t\t\t\t\t\t\t\t\t\t<a href=\"#\"><br \/>\n\t\t\t\t\t\t\t<svg aria-hidden=\"true\" viewBox=\"0 0 512 512\" xmlns=\"http:\/\/www.w3.org\/2000\/svg\"><path d=\"M256 8C119 8 8 119 8 256s111 248 248 248 248-111 248-248S393 8 256 8zm0 448c-110.5 0-200-89.5-200-200S145.5 56 256 56s200 89.5 200 200-89.5 200-200 200zm61.8-104.4l-84.9-61.7c-3.1-2.3-4.9-5.9-4.9-9.7V116c0-6.6 5.4-12 12-12h32c6.6 0 12 5.4 12 12v141.7l66.8 48.6c5.4 3.9 6.5 11.4 2.6 16.8L334.6 349c-3.9 5.3-11.4 6.5-16.8 2.6z\"><\/path><\/svg><br \/>\n\t\t\t\t\t\t\t\t\t\t10:00 AM to 10:00 PM<br \/>\n\t\t\t\t\t\t\t\t\t\t\t<\/a>\n\t\t\t\t\t\t\t\t\t<\/li>\n<\/ul>\n<figure><img loading=\"lazy\" decoding=\"async\" width=\"314\" height=\"175\" src=\"https:\/\/pandita.mx\/wp-content\/uploads\/2025\/05\/banderasMexico-08.webp\" alt=\"\" \/><\/figure>\n<p>M\u00e9xico<\/p>\n<p>Perez Trevi\u00f1o 502, Jes\u00fas Ter\u00e1n,<br \/>Aguascalientes, Ags., M\u00e9xico City<\/p>\n<h2>Cual es el motivo de contactarnos?<\/h2>\n<p>Lorem ipsum dolor sit amet, consectetur adipiscing elit, sed do eiusmod tempor incididunt ut labore et dolore magna aliqua. Ut enim ad minim veniam, quis nostrud exercitation ullamco laboris nisi ut aliquip ex ea commodo consequat.\u00a0<\/p>\n<p>\t\t\t\t\t<a href=\"#\"><br \/>\n\t\t\t\t\t\t\t\t\tESTATUS DE ENVIO<br \/>\n\t\t\t\t\t<\/a><br \/>\n\t\t\t\t\t<a href=\"#\"><br \/>\n\t\t\t\t\t\t\t\t\tDEVOLUCIONES<br \/>\n\t\t\t\t\t<\/a><br \/>\n\t\t\t\t\t<a href=\"#\"><br \/>\n\t\t\t\t\t\t\t\t\tDETALLES DE PRODUCTOS<br \/>\n\t\t\t\t\t<\/a><br \/>\n\t\t\t\t\t<a href=\"#\"><br \/>\n\t\t\t\t\t\t\t\t\tSTOCK DE PRODUCTOS<br \/>\n\t\t\t\t\t<\/a><br \/>\n\t\t\t\t\t<a href=\"#\"><br \/>\n\t\t\t\t\t\t\t\t\tCAMBIOS O CANCELACIONES<br \/>\n\t\t\t\t\t<\/a><br \/>\n\t\t\t\t\t<a href=\"#\"><br \/>\n\t\t\t\t\t\t\t\t\tMEMBRESIAS<br \/>\n\t\t\t\t\t<\/a><br \/>\n\t\t\t\t\t<a href=\"#\"><br \/>\n\t\t\t\t\t\t\t\t\tMI CUENTA<br \/>\n\t\t\t\t\t<\/a><\/p>\n<h2>Envianos tus comentarios<\/h2>\n","protected":false},"excerpt":{"rendered":"<p>Facebook-f Instagram Tiktok Env\u00edo gratis en compras superiores a $1,000.\u00b0\u00b0Garant\u00eda en nuestros productosOfertas exclusivas en l\u00ednea Pol\u00edtica Devoluciones Cont\u00e1ctanos Cont\u00e1ctanos Pare nosotros es muy importante tu opini\u00f3n y darte la atenci\u00f3n que te mereces, cont\u00e1ctanos y nos pondremos en contacto contigo para brindarte la soluci\u00f3n que necesitas Necesitas Ayuda? Llamanos 4494520724 4499560606 Envianos un email [&hellip;]<\/p>\n","protected":false},"author":1,"featured_media":0,"parent":0,"menu_order":0,"comment_status":"closed","ping_status":"closed","template":"","meta":{"_et_pb_use_builder":"","_et_pb_old_content":"","_et_gb_content_width":"","footnotes":""},"class_list":["post-36841","page","type-page","status-publish","hentry"],"_links":{"self":[{"href":"https:\/\/pandita.mx\/index.php\/wp-json\/wp\/v2\/pages\/36841","targetHints":{"allow":["GET"]}}],"collection":[{"href":"https:\/\/pandita.mx\/index.php\/wp-json\/wp\/v2\/pages"}],"about":[{"href":"https:\/\/pandita.mx\/index.php\/wp-json\/wp\/v2\/types\/page"}],"author":[{"embeddable":true,"href":"https:\/\/pandita.mx\/index.php\/wp-json\/wp\/v2\/users\/1"}],"replies":[{"embeddable":true,"href":"https:\/\/pandita.mx\/index.php\/wp-json\/wp\/v2\/comments?post=36841"}],"version-history":[{"count":0,"href":"https:\/\/pandita.mx\/index.php\/wp-json\/wp\/v2\/pages\/36841\/revisions"}],"wp:attachment":[{"href":"https:\/\/pandita.mx\/index.php\/wp-json\/wp\/v2\/media?parent=36841"}],"curies":[{"name":"wp","href":"https:\/\/api.w.org\/{rel}","templated":true}]}}